{"id":2199,"date":"2025-12-22T14:03:49","date_gmt":"2025-12-22T14:03:49","guid":{"rendered":"https:\/\/fahrschule-sahin.de\/dev\/?page_id=2199"},"modified":"2025-12-29T22:14:22","modified_gmt":"2025-12-29T22:14:22","slug":"impressum","status":"publish","type":"page","link":"https:\/\/fahrschule-sahin.de\/dev\/impressum\/","title":{"rendered":"Impressum"},"content":{"rendered":"\n<div class=\"wp-block-uagb-container uagb-block-b58146fd alignfull uagb-is-root-container\"><div class=\"uagb-container-inner-blocks-wrap\">\n<div class=\"wp-block-uagb-advanced-heading uagb-block-b8b74821\"><h1 class=\"uagb-heading-text\">Impressum<\/h1><\/div>\n\n\n\n<p class=\"has-ast-global-color-7-color has-text-color has-link-color wp-elements-54be82993c2b3688ec0360c4cee002ce\"><strong>Fahrschule Sahin Gie\u00dfen<\/strong><br>Johannes Stra\u00dfe 16<br>35390 Gie\u00dfen<\/p>\n\n\n\n<p class=\"has-ast-global-color-7-color has-text-color has-link-color wp-elements-f0bd5d037f1dfcb7936f8cb0600463f9\"><strong>Inhaber und Verantwortlicher<\/strong><br>Deniz Sahin<\/p>\n\n\n\n<p class=\"has-ast-global-color-7-color has-text-color has-link-color wp-elements-a3703ed84948f2eb368f52a9312d4eba\">Steuernummer: 020 863 34737<br>USt.-ID: in Gr\u00fcndung, DE456895999<\/p>\n\n\n\n<p class=\"has-ast-global-color-7-color has-text-color has-link-color wp-elements-7374ae7fe75c6418111080d96d7caaa1\"><strong>Aufsichtsbeh\u00f6rde<\/strong><br>Regierungspr\u00e4sidium Gie\u00dfen<\/p>\n\n\n\n<p class=\"has-ast-global-color-7-color has-text-color has-link-color wp-elements-b220ee76811c4b8bd263d235127ae806\"><strong>Gerichtsstand<\/strong><br>Gie\u00dfen<\/p>\n\n\n\n<p class=\"has-ast-global-color-7-color has-text-color has-link-color wp-elements-41ef133283859f6052ffb374d56f5cc3\"><strong>Kontakt<\/strong><br>E-Mail: <a href=\"mailto:info@fahrschule-sahin.de\">info@fahrschule-sahin.de<\/a><br>Mobil: 0641 971 96 37<\/p>\n\n\n\n<p class=\"has-ast-global-color-7-color has-text-color has-link-color wp-elements-7f8d4f65aeb4e89c48a46462a22bef2d\"><strong>Inhaltlich Verantwortlicher gem\u00e4\u00df \u00a7 6 MDStV<\/strong><br>Deniz Sahin<\/p>\n\n\n\n<h3 class=\"wp-block-heading\" id=\"haftungshinweis\">Haftungshinweis<\/h3>\n\n\n\n<p class=\"has-ast-global-color-7-color has-text-color has-link-color wp-elements-6624caf5770378ee50d1539188da91a4\">Trotz sorgf\u00e4ltiger inhaltlicher Kontrolle \u00fcbernehmen wir keine Haftung f\u00fcr die Inhalte externer Links. F\u00fcr den Inhalt aller verlinkten Seiten sowie Medieninhalte sind ausschlie\u00dflich deren jeweilige Betreiber verantwortlich.<\/p>\n<\/div><\/div>\n","protected":false},"excerpt":{"rendered":"<p>Impressum Fahrschule Sahin Gie\u00dfenJohannes Stra\u00dfe 1635390 Gie\u00dfen Inhaber und VerantwortlicherDeniz Sahin Steuernummer: 020 863 34737USt.-ID: in Gr\u00fcndung, DE456895999 Aufsichtsbeh\u00f6rdeRegierungspr\u00e4sidium Gie\u00dfen [&hellip;]<\/p>\n","protected":false},"author":4,"featured_media":0,"parent":0,"menu_order":0,"comment_status":"closed","ping_status":"closed","template":"","meta":{"_gspb_post_css":"","_uag_custom_page_level_css":"","site-sidebar-layout":"default","site-content-layout":"","ast-site-content-layout":"default","site-content-style":"default","site-sidebar-style":"default","ast-global-header-display":"","ast-banner-title-visibility":"","ast-main-header-display":"","ast-hfb-above-header-display":"","ast-hfb-below-header-display":"","ast-hfb-mobile-header-display":"","site-post-title":"disabled","ast-breadcrumbs-content":"","ast-featured-img":"","footer-sml-layout":"","ast-disable-related-posts":"","theme-transparent-header-meta":"","adv-header-id-meta":"","stick-header-meta":"","header-above-stick-meta":"","header-main-stick-meta":"","header-below-stick-meta":"","astra-migrate-meta-layouts":"default","ast-page-background-enabled":"default","ast-page-background-meta":{"desktop":{"background-color":"var(--ast-global-color-5)","background-image":"","background-repeat":"repeat","background-position":"center center","background-size":"auto","background-attachment":"scroll","background-type":"","background-media":"","overlay-type":"","overlay-color":"","overlay-opacity":"","overlay-gradient":""},"tablet":{"background-color":"","background-image":"","background-repeat":"repeat","background-position":"center center","background-size":"auto","background-attachment":"scroll","background-type":"","background-media":"","overlay-type":"","overlay-color":"","overlay-opacity":"","overlay-gradient":""},"mobile":{"background-color":"","background-image":"","background-repeat":"repeat","background-position":"center center","background-size":"auto","background-attachment":"scroll","background-type":"","background-media":"","overlay-type":"","overlay-color":"","overlay-opacity":"","overlay-gradient":""}},"ast-content-background-meta":{"desktop":{"background-color":"var(--ast-global-color-4)","background-image":"","background-repeat":"repeat","background-position":"center center","background-size":"auto","background-attachment":"scroll","background-type":"","background-media":"","overlay-type":"","overlay-color":"","overlay-opacity":"","overlay-gradient":""},"tablet":{"background-color":"var(--ast-global-color-4)","background-image":"","background-repeat":"repeat","background-position":"center center","background-size":"auto","background-attachment":"scroll","background-type":"","background-media":"","overlay-type":"","overlay-color":"","overlay-opacity":"","overlay-gradient":""},"mobile":{"background-color":"var(--ast-global-color-4)","background-image":"","background-repeat":"repeat","background-position":"center center","background-size":"auto","background-attachment":"scroll","background-type":"","background-media":"","overlay-type":"","overlay-color":"","overlay-opacity":"","overlay-gradient":""}},"footnotes":""},"class_list":["post-2199","page","type-page","status-publish","hentry"],"yoast_head":"<!-- This site is optimized with the Yoast SEO plugin v27.4 - https:\/\/yoast.com\/product\/yoast-seo-wordpress\/ -->\n<title>Impressum - Fahrschule Sahin Gie\u00dfen<\/title>\n<meta name=\"robots\" content=\"noindex, follow, max-snippet:-1, max-image-preview:large, max-video-preview:-1\" \/>\n<meta property=\"og:locale\" content=\"de_DE\" \/>\n<meta property=\"og:type\" content=\"article\" \/>\n<meta property=\"og:title\" content=\"Impressum - Fahrschule Sahin Gie\u00dfen\" \/>\n<meta property=\"og:description\" content=\"Impressum Fahrschule Sahin Gie\u00dfenJohannes Stra\u00dfe 1635390 Gie\u00dfen Inhaber und VerantwortlicherDeniz Sahin Steuernummer: 020 863 34737USt.-ID: in Gr\u00fcndung, DE456895999 Aufsichtsbeh\u00f6rdeRegierungspr\u00e4sidium Gie\u00dfen [&hellip;]\" \/>\n<meta property=\"og:url\" content=\"https:\/\/fahrschule-sahin.de\/dev\/impressum\/\" \/>\n<meta property=\"og:site_name\" content=\"Fahrschule Sahin Gie\u00dfen\" \/>\n<meta property=\"article:publisher\" content=\"https:\/\/www.facebook.com\/fahrschulesahingiessen\" \/>\n<meta property=\"article:modified_time\" content=\"2025-12-29T22:14:22+00:00\" \/>\n<meta property=\"og:image\" content=\"https:\/\/fahrschule-sahin.de\/dev\/wp-content\/uploads\/2025\/12\/Fahrschule-Auto-scaled.jpg\" \/>\n\t<meta property=\"og:image:width\" content=\"2560\" \/>\n\t<meta property=\"og:image:height\" content=\"1707\" \/>\n\t<meta property=\"og:image:type\" content=\"image\/jpeg\" \/>\n<meta name=\"twitter:card\" content=\"summary_large_image\" \/>\n<meta name=\"twitter:label1\" content=\"Gesch\u00e4tzte Lesezeit\" \/>\n\t<meta name=\"twitter:data1\" content=\"1\u00a0Minute\" \/>\n<script type=\"application\/ld+json\" class=\"yoast-schema-graph\">{\"@context\":\"https:\\\/\\\/schema.org\",\"@graph\":[{\"@type\":\"WebPage\",\"@id\":\"https:\\\/\\\/fahrschule-sahin.de\\\/dev\\\/impressum\\\/\",\"url\":\"https:\\\/\\\/fahrschule-sahin.de\\\/dev\\\/impressum\\\/\",\"name\":\"Impressum - Fahrschule Sahin Gie\u00dfen\",\"isPartOf\":{\"@id\":\"https:\\\/\\\/fahrschule-sahin.de\\\/dev\\\/#website\"},\"datePublished\":\"2025-12-22T14:03:49+00:00\",\"dateModified\":\"2025-12-29T22:14:22+00:00\",\"breadcrumb\":{\"@id\":\"https:\\\/\\\/fahrschule-sahin.de\\\/dev\\\/impressum\\\/#breadcrumb\"},\"inLanguage\":\"de\",\"potentialAction\":[{\"@type\":\"ReadAction\",\"target\":[\"https:\\\/\\\/fahrschule-sahin.de\\\/dev\\\/impressum\\\/\"]}]},{\"@type\":\"BreadcrumbList\",\"@id\":\"https:\\\/\\\/fahrschule-sahin.de\\\/dev\\\/impressum\\\/#breadcrumb\",\"itemListElement\":[{\"@type\":\"ListItem\",\"position\":1,\"name\":\"Home\",\"item\":\"https:\\\/\\\/fahrschule-sahin.de\\\/dev\\\/\"},{\"@type\":\"ListItem\",\"position\":2,\"name\":\"Impressum\"}]},{\"@type\":\"WebSite\",\"@id\":\"https:\\\/\\\/fahrschule-sahin.de\\\/dev\\\/#website\",\"url\":\"https:\\\/\\\/fahrschule-sahin.de\\\/dev\\\/\",\"name\":\"Fahrschule Sahin Gie\u00dfen\",\"description\":\"Mit alten Hasen fahren lernen.\",\"publisher\":{\"@id\":\"https:\\\/\\\/fahrschule-sahin.de\\\/dev\\\/#organization\"},\"alternateName\":\"Fahrschule Sahin\",\"potentialAction\":[{\"@type\":\"SearchAction\",\"target\":{\"@type\":\"EntryPoint\",\"urlTemplate\":\"https:\\\/\\\/fahrschule-sahin.de\\\/dev\\\/?s={search_term_string}\"},\"query-input\":{\"@type\":\"PropertyValueSpecification\",\"valueRequired\":true,\"valueName\":\"search_term_string\"}}],\"inLanguage\":\"de\"},{\"@type\":\"Organization\",\"@id\":\"https:\\\/\\\/fahrschule-sahin.de\\\/dev\\\/#organization\",\"name\":\"Fahrschule Sahin\",\"url\":\"https:\\\/\\\/fahrschule-sahin.de\\\/dev\\\/\",\"logo\":{\"@type\":\"ImageObject\",\"inLanguage\":\"de\",\"@id\":\"https:\\\/\\\/fahrschule-sahin.de\\\/dev\\\/#\\\/schema\\\/logo\\\/image\\\/\",\"url\":\"https:\\\/\\\/fahrschule-sahin.de\\\/dev\\\/wp-content\\\/uploads\\\/2025\\\/12\\\/Fahrschule-Sahin-cc.png\",\"contentUrl\":\"https:\\\/\\\/fahrschule-sahin.de\\\/dev\\\/wp-content\\\/uploads\\\/2025\\\/12\\\/Fahrschule-Sahin-cc.png\",\"width\":1024,\"height\":1024,\"caption\":\"Fahrschule Sahin\"},\"image\":{\"@id\":\"https:\\\/\\\/fahrschule-sahin.de\\\/dev\\\/#\\\/schema\\\/logo\\\/image\\\/\"},\"sameAs\":[\"https:\\\/\\\/www.facebook.com\\\/fahrschulesahingiessen\",\"https:\\\/\\\/www.instagram.com\\\/fahrschulesahin\\\/\"]}]}<\/script>\n<!-- \/ Yoast SEO plugin. -->","yoast_head_json":{"title":"Impressum - Fahrschule Sahin Gie\u00dfen","robots":{"index":"noindex","follow":"follow","max-snippet":"max-snippet:-1","max-image-preview":"max-image-preview:large","max-video-preview":"max-video-preview:-1"},"og_locale":"de_DE","og_type":"article","og_title":"Impressum - Fahrschule Sahin Gie\u00dfen","og_description":"Impressum Fahrschule Sahin Gie\u00dfenJohannes Stra\u00dfe 1635390 Gie\u00dfen Inhaber und VerantwortlicherDeniz Sahin Steuernummer: 020 863 34737USt.-ID: in Gr\u00fcndung, DE456895999 Aufsichtsbeh\u00f6rdeRegierungspr\u00e4sidium Gie\u00dfen [&hellip;]","og_url":"https:\/\/fahrschule-sahin.de\/dev\/impressum\/","og_site_name":"Fahrschule Sahin Gie\u00dfen","article_publisher":"https:\/\/www.facebook.com\/fahrschulesahingiessen","article_modified_time":"2025-12-29T22:14:22+00:00","og_image":[{"width":2560,"height":1707,"url":"https:\/\/fahrschule-sahin.de\/dev\/wp-content\/uploads\/2025\/12\/Fahrschule-Auto-scaled.jpg","type":"image\/jpeg"}],"twitter_card":"summary_large_image","twitter_misc":{"Gesch\u00e4tzte Lesezeit":"1\u00a0Minute"},"schema":{"@context":"https:\/\/schema.org","@graph":[{"@type":"WebPage","@id":"https:\/\/fahrschule-sahin.de\/dev\/impressum\/","url":"https:\/\/fahrschule-sahin.de\/dev\/impressum\/","name":"Impressum - Fahrschule Sahin Gie\u00dfen","isPartOf":{"@id":"https:\/\/fahrschule-sahin.de\/dev\/#website"},"datePublished":"2025-12-22T14:03:49+00:00","dateModified":"2025-12-29T22:14:22+00:00","breadcrumb":{"@id":"https:\/\/fahrschule-sahin.de\/dev\/impressum\/#breadcrumb"},"inLanguage":"de","potentialAction":[{"@type":"ReadAction","target":["https:\/\/fahrschule-sahin.de\/dev\/impressum\/"]}]},{"@type":"BreadcrumbList","@id":"https:\/\/fahrschule-sahin.de\/dev\/impressum\/#breadcrumb","itemListElement":[{"@type":"ListItem","position":1,"name":"Home","item":"https:\/\/fahrschule-sahin.de\/dev\/"},{"@type":"ListItem","position":2,"name":"Impressum"}]},{"@type":"WebSite","@id":"https:\/\/fahrschule-sahin.de\/dev\/#website","url":"https:\/\/fahrschule-sahin.de\/dev\/","name":"Fahrschule Sahin Gie\u00dfen","description":"Mit alten Hasen fahren lernen.","publisher":{"@id":"https:\/\/fahrschule-sahin.de\/dev\/#organization"},"alternateName":"Fahrschule Sahin","potentialAction":[{"@type":"SearchAction","target":{"@type":"EntryPoint","urlTemplate":"https:\/\/fahrschule-sahin.de\/dev\/?s={search_term_string}"},"query-input":{"@type":"PropertyValueSpecification","valueRequired":true,"valueName":"search_term_string"}}],"inLanguage":"de"},{"@type":"Organization","@id":"https:\/\/fahrschule-sahin.de\/dev\/#organization","name":"Fahrschule Sahin","url":"https:\/\/fahrschule-sahin.de\/dev\/","logo":{"@type":"ImageObject","inLanguage":"de","@id":"https:\/\/fahrschule-sahin.de\/dev\/#\/schema\/logo\/image\/","url":"https:\/\/fahrschule-sahin.de\/dev\/wp-content\/uploads\/2025\/12\/Fahrschule-Sahin-cc.png","contentUrl":"https:\/\/fahrschule-sahin.de\/dev\/wp-content\/uploads\/2025\/12\/Fahrschule-Sahin-cc.png","width":1024,"height":1024,"caption":"Fahrschule Sahin"},"image":{"@id":"https:\/\/fahrschule-sahin.de\/dev\/#\/schema\/logo\/image\/"},"sameAs":["https:\/\/www.facebook.com\/fahrschulesahingiessen","https:\/\/www.instagram.com\/fahrschulesahin\/"]}]}},"uagb_featured_image_src":{"full":false,"thumbnail":false,"medium":false,"medium_large":false,"large":false,"1536x1536":false,"2048x2048":false},"uagb_author_info":{"display_name":"simonf","author_link":"https:\/\/fahrschule-sahin.de\/dev\/author\/simonf\/"},"uagb_comment_info":0,"uagb_excerpt":"Impressum Fahrschule Sahin Gie\u00dfenJohannes Stra\u00dfe 1635390 Gie\u00dfen Inhaber und VerantwortlicherDeniz Sahin Steuernummer: 020 863 34737USt.-ID: in Gr\u00fcndung, DE456895999 Aufsichtsbeh\u00f6rdeRegierungspr\u00e4sidium Gie\u00dfen [&hellip;]","_links":{"self":[{"href":"https:\/\/fahrschule-sahin.de\/dev\/wp-json\/wp\/v2\/pages\/2199","targetHints":{"allow":["GET"]}}],"collection":[{"href":"https:\/\/fahrschule-sahin.de\/dev\/wp-json\/wp\/v2\/pages"}],"about":[{"href":"https:\/\/fahrschule-sahin.de\/dev\/wp-json\/wp\/v2\/types\/page"}],"author":[{"embeddable":true,"href":"https:\/\/fahrschule-sahin.de\/dev\/wp-json\/wp\/v2\/users\/4"}],"replies":[{"embeddable":true,"href":"https:\/\/fahrschule-sahin.de\/dev\/wp-json\/wp\/v2\/comments?post=2199"}],"version-history":[{"count":0,"href":"https:\/\/fahrschule-sahin.de\/dev\/wp-json\/wp\/v2\/pages\/2199\/revisions"}],"wp:attachment":[{"href":"https:\/\/fahrschule-sahin.de\/dev\/wp-json\/wp\/v2\/media?parent=2199"}],"curies":[{"name":"wp","href":"https:\/\/api.w.org\/{rel}","templated":true}]}}